{"id":6043,"date":"2019-09-26T09:01:57","date_gmt":"2019-09-26T07:01:57","guid":{"rendered":"http:\/\/www.zswolbrom.pl\/wwwnowa\/?page_id=6043"},"modified":"2019-09-26T10:42:31","modified_gmt":"2019-09-26T08:42:31","slug":"nprc","status":"publish","type":"page","link":"http:\/\/www.zswolbrom.pl\/wwwnowa\/nprc\/","title":{"rendered":"Narodowy Program Rozwoju Czytelnictwa"},"content":{"rendered":"<p><strong>\u00a0Narodowy Program Rozwoju Czytelnictwa<\/strong><\/p>\n<p>W 2018 roku nasza szko\u0142a zosta\u0142a beneficjentem Narodowego Programu Rozwoju Czytelnictwa i otrzyma\u0142a dotacj\u0119 celow\u0105 w kwocie 15 tys. z\u0142otych na zakup nowo\u015bci wydawniczych (ksi\u0105\u017cek nieb\u0119d\u0105cych podr\u0119cznikami) w ramach programu wieloletniego <strong>\u201eNarodowy Program Rozwoju Czytelnictwa\u201d \u2013 Priorytet 3.<\/strong><\/p>\n<p>Program mia\u0142 na celu wspieranie w zakresie rozwijania zainteresowa\u0144 uczni\u00f3w przez promocj\u0119 czytelnictwa m\u0142odzie\u017cy, w tym zakup nowo\u015bci wydawniczych.<\/p>\n<p>G\u0142\u00f3wny wniosek nasuwaj\u0105cy si\u0119 po realizacji programu jest taki , \u017ce wzros\u0142a ilo\u015b\u0107 ksi\u0119gozbioru o <strong>1008<\/strong> pozycji ksi\u0105\u017ckowych , co przyczyni\u0142o\u00a0 si\u0119 to do atrakcyjno\u015bci oferty czytelniczej (nowo\u015bci wydawnicze) przez co wzros\u0142a ilo\u015b\u0107 wypo\u017cycze\u0144.<\/p>\n<p>Nowo zakupione ksi\u0105\u017cki to g\u00f3wnie lektury szkolne (791 szt. &#8211; co stanowi 79%) jak i nowo\u015bci wydawnicze (210 szt. &#8211; co stanowi 21%), kt\u00f3rych zakup ze wzgl\u0119d\u00f3w finansowych\u00a0 do tej pory nie by\u0142 mo\u017cliwy.<\/p>\n<p>Z otrzymanych \u015brodk\u00f3w dotacji celowej oraz wk\u0142adu w\u0142asnego (\u0142\u0105cznie w wysoko\u015bci 15 000,00 z\u0142) zakupiono 1008 pozycji, z czego 79%\u00a0 to lektury szkolne. Analiza czytelnictwa wykaza\u0142a, \u017ce spo\u015br\u00f3d nowo zakupionych ksi\u0105\u017cek to w\u0142a\u015bnie lektury stanowi\u0142y najwi\u0119kszy procent wypo\u017cycze\u0144.<\/p>\n<p>Najwi\u0119ksz\u0105 warto\u015bci\u0105 jest rozbudzenie pasji czytelniczych, \u0142\u0105czenie zdolno\u015bci krytycznego i logicznego my\u015blenia z umiej\u0119tno\u015bciami wizualno &#8211; tw\u00f3rczymi.<\/p>\n<p>Uczniowie uczestniczyli w warsztatach, konkursach i prelekcjach , zdobyli now\u0105 wiedz\u0119, poznali warto\u015b\u0107 ksi\u0105\u017cki, lepiej poznali w\u0142asne preferencje czytelnicze. Rozwin\u0119li szacunek do wiedzy, wyrobili w sobie pasj\u0119 poznawania \u015bwiata gdzie zdobyte wiadomo\u015bci mogli zastosowa\u0107 w prywatnym \u017cyciu.<\/p>\n<p>Dzi\u0119ki udzia\u0142owi w Programie biblioteka wzbogaci\u0142a ksi\u0119gozbi\u00f3r nie tylko o lektury szkolne, ale o ksi\u0105\u017cki zgodne z potrzebami i zainteresowaniami czytelnik\u00f3w.<\/p>\n<p>W zwi\u0105zku z kr\u00f3tkim czasem na realizacj\u0119 zada\u0144 z Narodowego Programu Rozwoju Czytelnictwa, prace przebiega\u0142y bardzo intensywnie, co niekiedy sprawia\u0142o trudno\u015bci organizacyjne. Zdajemy sobie spraw\u0119, \u017ce jeszcze wiele jest do zrobienia i dlatego zamierzamy kontynuowa\u0107 nasze dzia\u0142ania promuj\u0105ce czytelnictwo.<\/p>\n","protected":false},"excerpt":{"rendered":"<p>\u00a0Narodowy Program Rozwoju Czytelnictwa W 2018 roku nasza szko\u0142a zosta\u0142a beneficjentem Narodowego Programu Rozwoju Czytelnictwa i otrzyma\u0142a dotacj\u0119 celow\u0105 w kwocie 15 tys. z\u0142otych na zakup nowo\u015bci wydawniczych (ksi\u0105\u017cek nieb\u0119d\u0105cych podr\u0119cznikami) w ramach programu wieloletniego \u201eNarodowy Program Rozwoju Czytelnictwa\u201d \u2013 Priorytet 3. Program mia\u0142 na celu wspieranie w zakresie rozwijania zainteresowa\u0144 uczni\u00f3w przez promocj\u0119 czytelnictwa [&hellip;]<\/p>\n","protected":false},"author":1,"featured_media":0,"parent":0,"menu_order":0,"comment_status":"closed","ping_status":"closed","template":"","meta":{"footnotes":""},"acf":[],"_links":{"self":[{"href":"http:\/\/www.zswolbrom.pl\/wwwnowa\/wp-json\/wp\/v2\/pages\/6043"}],"collection":[{"href":"http:\/\/www.zswolbrom.pl\/wwwnowa\/wp-json\/wp\/v2\/pages"}],"about":[{"href":"http:\/\/www.zswolbrom.pl\/wwwnowa\/wp-json\/wp\/v2\/types\/page"}],"author":[{"embeddable":true,"href":"http:\/\/www.zswolbrom.pl\/wwwnowa\/wp-json\/wp\/v2\/users\/1"}],"replies":[{"embeddable":true,"href":"http:\/\/www.zswolbrom.pl\/wwwnowa\/wp-json\/wp\/v2\/comments?post=6043"}],"version-history":[{"count":6,"href":"http:\/\/www.zswolbrom.pl\/wwwnowa\/wp-json\/wp\/v2\/pages\/6043\/revisions"}],"predecessor-version":[{"id":6056,"href":"http:\/\/www.zswolbrom.pl\/wwwnowa\/wp-json\/wp\/v2\/pages\/6043\/revisions\/6056"}],"wp:attachment":[{"href":"http:\/\/www.zswolbrom.pl\/wwwnowa\/wp-json\/wp\/v2\/media?parent=6043"}],"curies":[{"name":"wp","href":"https:\/\/api.w.org\/{rel}","templated":true}]}}