{"id":2077,"date":"2015-12-16T18:43:30","date_gmt":"2015-12-16T17:43:30","guid":{"rendered":"http:\/\/www.zswolbrom.pl\/wwwnowa\/?page_id=2077"},"modified":"2017-09-17T12:31:51","modified_gmt":"2017-09-17T10:31:51","slug":"prys","status":"publish","type":"page","link":"https:\/\/www.zswolbrom.pl\/wwwnowa\/prys\/","title":{"rendered":"Prymusi"},"content":{"rendered":"<h3>Najlepsi uczniowie w ka\u017cdym roku<\/h3>\n<table>\n<tbody>\n<tr>\n<td><img decoding=\"async\" class=\"aligncenter\" src=\"\/wwwnowa\/wp-content\/uploads\/prymusi\/1985.jpg\" alt=\"\" \/><\/td>\n<td><img decoding=\"async\" class=\"aligncenter\" src=\"\/wwwnowa\/wp-content\/uploads\/prymusi\/1986.jpg\" alt=\"\" \/><\/td>\n<td><img decoding=\"async\" class=\"aligncenter\" src=\"\/wwwnowa\/wp-content\/uploads\/prymusi\/1987.jpg\" alt=\"\" \/><\/td>\n<td><img decoding=\"async\" class=\"aligncenter\" src=\"\/wwwnowa\/wp-content\/uploads\/prymusi\/1987_1.jpg\" alt=\"\" \/><\/td>\n<\/tr>\n<tr>\n<th style=\"text-align: center;\">1985<br \/>\nJaros\u0142aw Kazibut<\/th>\n<th style=\"text-align: center;\">1986<br \/>\nS\u0142awomir Urba\u0144ski<\/th>\n<th style=\"text-align: center;\">1987<br \/>\nJolanta Kamionka<\/th>\n<th style=\"text-align: center;\">1987<br \/>\nJoanna Zielnik<\/th>\n<\/tr>\n<tr>\n<td><img decoding=\"async\" class=\"aligncenter\" src=\"\/wwwnowa\/wp-content\/uploads\/prymusi\/1988.jpg\" alt=\"\" \/><\/td>\n<td><img decoding=\"async\" class=\"aligncenter\" src=\"\/wwwnowa\/wp-content\/uploads\/prymusi\/1989.jpg\" alt=\"\" \/><\/td>\n<td><img decoding=\"async\" class=\"aligncenter\" src=\"\/wwwnowa\/wp-content\/uploads\/prymusi\/1990.jpg\" alt=\"\" \/><\/td>\n<td><img decoding=\"async\" class=\"aligncenter\" src=\"\/wwwnowa\/wp-content\/uploads\/prymusi\/1991.jpg\" alt=\"\" \/><\/td>\n<\/tr>\n<tr>\n<th style=\"text-align: center;\">1988<br \/>\nEwa Rdest<\/th>\n<th style=\"text-align: center;\">1989<br \/>\nRenata Trzebi\u0144ska<\/th>\n<th style=\"text-align: center;\">1990<br \/>\nKatarzyna Gala\u015b<\/th>\n<th style=\"text-align: center;\">1991<br \/>\nRados\u0142aw Ambro\u017ckiewicz<\/th>\n<\/tr>\n<tr>\n<td><img decoding=\"async\" class=\"aligncenter\" src=\"\/wwwnowa\/wp-content\/uploads\/prymusi\/1992.jpg\" alt=\"\" \/><\/td>\n<td><img decoding=\"async\" class=\"aligncenter\" src=\"\/wwwnowa\/wp-content\/uploads\/prymusi\/1993.jpg\" alt=\"\" \/><\/td>\n<td><img decoding=\"async\" class=\"aligncenter\" src=\"\/wwwnowa\/wp-content\/uploads\/prymusi\/1994.jpg\" alt=\"\" \/><\/td>\n<td><img decoding=\"async\" class=\"aligncenter\" src=\"\/wwwnowa\/wp-content\/uploads\/prymusi\/1995.jpg\" alt=\"\" \/><\/td>\n<\/tr>\n<tr>\n<th style=\"text-align: center;\">1992<br \/>\nAneta Chojnacka<\/th>\n<th style=\"text-align: center;\">1993<br \/>\nAgnieszka Kwiecie\u0144<\/th>\n<th style=\"text-align: center;\">1994<br \/>\nRafa\u0142 \u017belazny<\/th>\n<th style=\"text-align: center;\">1995<br \/>\nDorota Kowalska<\/th>\n<\/tr>\n<tr>\n<td><img decoding=\"async\" class=\"aligncenter\" src=\"\/wwwnowa\/wp-content\/uploads\/prymusi\/1996.jpg\" alt=\"\" \/><\/td>\n<td><img decoding=\"async\" class=\"aligncenter\" src=\"\/wwwnowa\/wp-content\/uploads\/prymusi\/1997.jpg\" alt=\"\" \/><\/td>\n<td><img decoding=\"async\" class=\"aligncenter\" src=\"\/wwwnowa\/wp-content\/uploads\/prymusi\/1998.jpg\" alt=\"\" \/><\/td>\n<td><img decoding=\"async\" class=\"aligncenter\" src=\"\/wwwnowa\/wp-content\/uploads\/prymusi\/1999.jpg\" alt=\"\" \/><\/td>\n<\/tr>\n<tr>\n<th style=\"text-align: center;\">1996<br \/>\nJoanna G\u00f3rnicka<\/th>\n<th style=\"text-align: center;\">1997<br \/>\nS\u0142awomir Ma\u015blisz<\/th>\n<th style=\"text-align: center;\">1998<br \/>\nEdyta Tabor<\/th>\n<th style=\"text-align: center;\">1999<br \/>\nJoanna Birlet<\/th>\n<\/tr>\n<tr>\n<td><img decoding=\"async\" class=\"aligncenter\" src=\"\/wwwnowa\/wp-content\/uploads\/prymusi\/1999_1.jpg\" alt=\"\" \/><\/td>\n<td><img decoding=\"async\" class=\"aligncenter\" src=\"\/wwwnowa\/wp-content\/uploads\/prymusi\/2000.jpg\" alt=\"\" \/><\/td>\n<td><img decoding=\"async\" class=\"aligncenter\" src=\"\/wwwnowa\/wp-content\/uploads\/prymusi\/2001.jpg\" alt=\"\" \/><\/td>\n<td><img decoding=\"async\" class=\"aligncenter\" src=\"\/wwwnowa\/wp-content\/uploads\/prymusi\/2002.jpg\" alt=\"\" \/><\/td>\n<\/tr>\n<tr>\n<th style=\"text-align: center;\">1999<br \/>\nDominika \u0141aksa<\/th>\n<th style=\"text-align: center;\">2000<br \/>\nMa\u0142gorzata \u017burkowska<\/th>\n<th style=\"text-align: center;\">2001<br \/>\nKrzysztof Str\u00f3zik<\/th>\n<th style=\"text-align: center;\">2002<br \/>\nMagdalena Kiemona<\/th>\n<\/tr>\n<tr>\n<td><img decoding=\"async\" class=\"aligncenter\" src=\"\/wwwnowa\/wp-content\/uploads\/prymusi\/2003.jpg\" alt=\"\" \/><\/td>\n<td><img decoding=\"async\" class=\"aligncenter\" src=\"\/wwwnowa\/wp-content\/uploads\/prymusi\/2004.jpg\" alt=\"\" \/><\/td>\n<td><img decoding=\"async\" class=\"aligncenter\" src=\"\/wwwnowa\/wp-content\/uploads\/prymusi\/2005.jpg\" alt=\"\" \/><\/td>\n<td><img decoding=\"async\" class=\"aligncenter\" src=\"\/wwwnowa\/wp-content\/uploads\/prymusi\/2006.jpg\" alt=\"\" \/><\/td>\n<\/tr>\n<tr>\n<th style=\"text-align: center;\">2003<br \/>\nJoanna Lewandowska<\/th>\n<th style=\"text-align: center;\">2004<br \/>\nPatrycja Furman<\/th>\n<th style=\"text-align: center;\">2005<br \/>\nAgata Ma\u0107kowiak<\/th>\n<th style=\"text-align: center;\">2006<br \/>\nOlga Szczepanik<\/th>\n<\/tr>\n<tr>\n<td><img decoding=\"async\" class=\"aligncenter\" src=\"\/wwwnowa\/wp-content\/uploads\/prymusi\/2007.jpg\" alt=\"\" \/><\/td>\n<td><img decoding=\"async\" class=\"aligncenter\" src=\"\/wwwnowa\/wp-content\/uploads\/prymusi\/2008.jpg\" alt=\"\" \/><\/td>\n<td><img decoding=\"async\" class=\"aligncenter\" src=\"\/wwwnowa\/wp-content\/uploads\/prymusi\/2009.jpg\" alt=\"\" \/><\/td>\n<td><img decoding=\"async\" class=\"aligncenter\" src=\"\/wwwnowa\/wp-content\/uploads\/prymusi\/2010.jpg\" alt=\"\" \/><\/td>\n<\/tr>\n<tr>\n<th style=\"text-align: center;\">2007<br \/>\nMarcin Lech<\/th>\n<th style=\"text-align: center;\">2008<br \/>\nMonika Kucypera<\/th>\n<th style=\"text-align: center;\">2009<br \/>\nKarolina Wachowicz<\/th>\n<th style=\"text-align: center;\">2010<br \/>\nPrzemys\u0142aw Lech<\/th>\n<\/tr>\n<tr>\n<td><img decoding=\"async\" class=\"aligncenter\" src=\"\/wwwnowa\/wp-content\/uploads\/prymusi\/2011.jpg\" alt=\"\" \/><\/td>\n<td><img decoding=\"async\" class=\"aligncenter\" src=\"\/wwwnowa\/wp-content\/uploads\/prymusi\/2012.jpg\" alt=\"\" \/><\/td>\n<td><img decoding=\"async\" class=\"aligncenter\" src=\"\/wwwnowa\/wp-content\/uploads\/prymusi\/2013.jpg\" alt=\"\" \/><\/td>\n<td><img decoding=\"async\" class=\"aligncenter\" src=\"\/wwwnowa\/wp-content\/uploads\/prymusi\/2014.jpg\" alt=\"\" \/><\/td>\n<\/tr>\n<tr>\n<th style=\"text-align: center;\">2014<br \/>\n\u0141ukasz Trzaska<\/th>\n<th style=\"text-align: center;\">2014<br \/>\nBart\u0142omiej Sikora<\/th>\n<th style=\"text-align: center;\">2013<br \/>\nKlaudia Konieczna<\/th>\n<th style=\"text-align: center;\">2014<br \/>\nPrzemys\u0142am Dygas<\/th>\n<\/tr>\n<tr>\n<td><img decoding=\"async\" class=\"aligncenter\" src=\"\/wwwnowa\/wp-content\/uploads\/prymusi\/2014_1.jpg\" alt=\"\" \/><\/td>\n<td><img decoding=\"async\" class=\"aligncenter\" src=\"\/wwwnowa\/wp-content\/uploads\/prymusi\/2014_2.jpg\" alt=\"\" \/><\/td>\n<td><img decoding=\"async\" class=\"aligncenter\" src=\"\/wwwnowa\/wp-content\/uploads\/prymusi\/2015_1.bmp\" alt=\"\" \/><\/td>\n<td><img decoding=\"async\" class=\"aligncenter\" src=\"\/wwwnowa\/wp-content\/uploads\/prymusi\/2016_1.jpg\" alt=\"\" \/><\/td>\n<\/tr>\n<tr>\n<th style=\"text-align: center;\">2014<br \/>\nKatarzyna Duch<\/th>\n<th style=\"text-align: center;\">2014<br \/>\nAlicja Wachowicz<\/th>\n<th style=\"text-align: center;\">\u00a02015<br \/>\nKlaudia Szot<\/th>\n<th style=\"text-align: center;\"> 2016<br \/>\nKlaudia Gomu\u0142ka<\/th>\n<\/tr>\n<tr>\n<td><img decoding=\"async\" class=\"aligncenter\" src=\"\/wwwnowa\/wp-content\/uploads\/prymusi\/2016_2.jpg\" alt=\"\" \/><\/td>\n<td><img decoding=\"async\" class=\"aligncenter\" src=\"\/wwwnowa\/wp-content\/uploads\/prymusi\/2016_3.jpg\" alt=\"\" \/><\/td>\n<td><img decoding=\"async\" class=\"aligncenter\" src=\"\/wwwnowa\/wp-content\/uploads\/prymusi\/2016_4.jpg\" alt=\"\" \/><\/td>\n<td><img decoding=\"async\" class=\"aligncenter\" src=\"\/wwwnowa\/wp-content\/uploads\/prymusi\/2017_2.jpg\" alt=\"\" \/><\/td>\n<\/tr>\n<tr>\n<th style=\"text-align: center;\">2016<br \/>\nMagdalena Furga\u0142<\/th>\n<th style=\"text-align: center;\">2016<br \/>\nAnna Ros\u00f3\u0142<\/th>\n<th style=\"text-align: center;\">\u00a02016<br \/>\nIzabela Stojek<\/th>\n<th style=\"text-align: center;\"> 2017<br \/>\nMateusz Michalski<\/th>\n<\/tr>\n<tr>\n<td><img decoding=\"async\" class=\"aligncenter\" src=\"\/wwwnowa\/wp-content\/uploads\/prymusi\/2017_0.jpg\" alt=\"\" \/><\/td>\n<td><img decoding=\"async\" class=\"aligncenter\" src=\"\/wwwnowa\/wp-content\/uploads\/prymusi\/2018_1.jpg\" alt=\"\" \/><\/td>\n<td><img decoding=\"async\" class=\"aligncenter\" src=\"\/wwwnowa\/wp-content\/uploads\/prymusi\/2018_2.jpg\" alt=\"\" \/><\/td>\n<td><img decoding=\"async\" class=\"aligncenter\" src=\"\/wwwnowa\/wp-content\/uploads\/prymusi\/2018_3.jpg\" alt=\"\" \/><\/td>\n<\/tr>\n<tr>\n<th style=\"text-align: center;\">2017<br \/>\nKatarzyna Pasich<\/th>\n<th style=\"text-align: center;\">\n<\/th>\n<th style=\"text-align: center;\">\u00a0\n<\/th>\n<th style=\"text-align: center;\">\n<\/th>\n<\/tr>\n<\/tbody>\n<\/table>\n","protected":false},"excerpt":{"rendered":"<p>Najlepsi uczniowie w ka\u017cdym roku 1985 Jaros\u0142aw Kazibut 1986 S\u0142awomir Urba\u0144ski 1987 Jolanta Kamionka 1987 Joanna Zielnik 1988 Ewa Rdest 1989 Renata Trzebi\u0144ska 1990 Katarzyna Gala\u015b 1991 Rados\u0142aw Ambro\u017ckiewicz 1992 Aneta Chojnacka 1993 Agnieszka Kwiecie\u0144 1994 Rafa\u0142 \u017belazny 1995 Dorota Kowalska 1996 Joanna G\u00f3rnicka 1997 S\u0142awomir Ma\u015blisz 1998 Edyta Tabor 1999 Joanna Birlet 1999 Dominika [&hellip;]<\/p>\n","protected":false},"author":1,"featured_media":0,"parent":0,"menu_order":0,"comment_status":"closed","ping_status":"closed","template":"","meta":{"footnotes":""},"acf":[],"_links":{"self":[{"href":"https:\/\/www.zswolbrom.pl\/wwwnowa\/wp-json\/wp\/v2\/pages\/2077"}],"collection":[{"href":"https:\/\/www.zswolbrom.pl\/wwwnowa\/wp-json\/wp\/v2\/pages"}],"about":[{"href":"https:\/\/www.zswolbrom.pl\/wwwnowa\/wp-json\/wp\/v2\/types\/page"}],"author":[{"embeddable":true,"href":"https:\/\/www.zswolbrom.pl\/wwwnowa\/wp-json\/wp\/v2\/users\/1"}],"replies":[{"embeddable":true,"href":"https:\/\/www.zswolbrom.pl\/wwwnowa\/wp-json\/wp\/v2\/comments?post=2077"}],"version-history":[{"count":65,"href":"https:\/\/www.zswolbrom.pl\/wwwnowa\/wp-json\/wp\/v2\/pages\/2077\/revisions"}],"predecessor-version":[{"id":3826,"href":"https:\/\/www.zswolbrom.pl\/wwwnowa\/wp-json\/wp\/v2\/pages\/2077\/revisions\/3826"}],"wp:attachment":[{"href":"https:\/\/www.zswolbrom.pl\/wwwnowa\/wp-json\/wp\/v2\/media?parent=2077"}],"curies":[{"name":"wp","href":"https:\/\/api.w.org\/{rel}","templated":true}]}}