{"id":2150,"date":"2015-12-17T18:55:45","date_gmt":"2015-12-17T17:55:45","guid":{"rendered":"http:\/\/www.zswolbrom.pl\/wwwnowa\/?page_id=2150"},"modified":"2022-10-20T09:02:12","modified_gmt":"2022-10-20T07:02:12","slug":"samorzad-uczniowski","status":"publish","type":"page","link":"https:\/\/www.zswolbrom.pl\/wwwnowa\/samorzad-uczniowski\/","title":{"rendered":"Samorz\u0105d uczniowski"},"content":{"rendered":"<h4>Dzia\u0142alno\u015b\u0107 samorz\u0105du<\/h4>\n<p>Dzia\u0142alno\u015b\u0107 samorz\u0105du uczniowskiego w naszej szkole to praca zespo\u0142owa wielu nauczycieli i du\u017cej cz\u0119\u015bci spo\u0142eczno\u015bci uczniowskiej. Praca w samorz\u0105dzie kszta\u0142tuje i utrwala odpowiedzialno\u015b\u0107 za otoczenie, rozwija \u015bwiadomy udzia\u0142 w \u017cyciu spo\u0142eczno\u015bci lokalnej. Taka wsp\u00f3\u0142praca przynosi widoczne efekty. Samorz\u0105d w naszej szkole inicjuje i organizuje wiele akcji, imprez szkolnych i lokalnych.<\/p>\n<p>&nbsp;<\/p>\n<ul>\n<li style=\"list-style-type: none;\"><strong>SAMORZ\u0104D UCZNIOWSKI 2022\/2023<\/strong><\/li>\n<li style=\"list-style-type: none;\"><strong>Przewodnicz\u0105cy: ADRIAN BOROWICZ<br \/>\n<\/strong><\/p>\n<p><strong>Zast\u0119pca: KAROL SIKORA<br \/>\n<\/strong><\/p>\n<p><strong>Sekretarz: KATARZYNA FILUS<br \/>\n<\/strong><\/p>\n<p><img decoding=\"async\" loading=\"lazy\" class=\"aligncenter wp-image-10116 size-full\" src=\"http:\/\/www.zswolbrom.pl\/wwwnowa\/wp-content\/uploads\/2022\/10\/310282314_1158632518340287_8761694145995031586_n1.png\" alt=\"\" width=\"607\" height=\"1073\" srcset=\"https:\/\/www.zswolbrom.pl\/wwwnowa\/wp-content\/uploads\/2022\/10\/310282314_1158632518340287_8761694145995031586_n1.png 607w, https:\/\/www.zswolbrom.pl\/wwwnowa\/wp-content\/uploads\/2022\/10\/310282314_1158632518340287_8761694145995031586_n1-170x300.png 170w, https:\/\/www.zswolbrom.pl\/wwwnowa\/wp-content\/uploads\/2022\/10\/310282314_1158632518340287_8761694145995031586_n1-579x1024.png 579w\" sizes=\"(max-width: 607px) 100vw, 607px\" \/><\/li>\n<\/ul>\n<p>&nbsp;<\/p>\n","protected":false},"excerpt":{"rendered":"<p>Dzia\u0142alno\u015b\u0107 samorz\u0105du Dzia\u0142alno\u015b\u0107 samorz\u0105du uczniowskiego w naszej szkole to praca zespo\u0142owa wielu nauczycieli i du\u017cej cz\u0119\u015bci spo\u0142eczno\u015bci uczniowskiej. Praca w samorz\u0105dzie kszta\u0142tuje i utrwala odpowiedzialno\u015b\u0107 za otoczenie, rozwija \u015bwiadomy udzia\u0142 w \u017cyciu spo\u0142eczno\u015bci lokalnej. Taka wsp\u00f3\u0142praca przynosi widoczne efekty. Samorz\u0105d w naszej szkole inicjuje i organizuje wiele akcji, imprez szkolnych i lokalnych. &nbsp; SAMORZ\u0104D UCZNIOWSKI [&hellip;]<\/p>\n","protected":false},"author":1,"featured_media":0,"parent":0,"menu_order":0,"comment_status":"closed","ping_status":"closed","template":"","meta":{"footnotes":""},"acf":[],"_links":{"self":[{"href":"https:\/\/www.zswolbrom.pl\/wwwnowa\/wp-json\/wp\/v2\/pages\/2150"}],"collection":[{"href":"https:\/\/www.zswolbrom.pl\/wwwnowa\/wp-json\/wp\/v2\/pages"}],"about":[{"href":"https:\/\/www.zswolbrom.pl\/wwwnowa\/wp-json\/wp\/v2\/types\/page"}],"author":[{"embeddable":true,"href":"https:\/\/www.zswolbrom.pl\/wwwnowa\/wp-json\/wp\/v2\/users\/1"}],"replies":[{"embeddable":true,"href":"https:\/\/www.zswolbrom.pl\/wwwnowa\/wp-json\/wp\/v2\/comments?post=2150"}],"version-history":[{"count":16,"href":"https:\/\/www.zswolbrom.pl\/wwwnowa\/wp-json\/wp\/v2\/pages\/2150\/revisions"}],"predecessor-version":[{"id":13174,"href":"https:\/\/www.zswolbrom.pl\/wwwnowa\/wp-json\/wp\/v2\/pages\/2150\/revisions\/13174"}],"wp:attachment":[{"href":"https:\/\/www.zswolbrom.pl\/wwwnowa\/wp-json\/wp\/v2\/media?parent=2150"}],"curies":[{"name":"wp","href":"https:\/\/api.w.org\/{rel}","templated":true}]}}