{"id":6473,"date":"2019-11-28T22:35:36","date_gmt":"2019-11-28T21:35:36","guid":{"rendered":"http:\/\/www.zswolbrom.pl\/wwwnowa\/?page_id=6473"},"modified":"2024-01-16T21:55:36","modified_gmt":"2024-01-16T20:55:36","slug":"kontakt-z-nauczycielami","status":"publish","type":"page","link":"https:\/\/www.zswolbrom.pl\/wwwnowa\/kontakt-z-nauczycielami\/","title":{"rendered":"Kontakt z nauczycielami"},"content":{"rendered":"<p>Plan konsultacji nauczycieli z uczniami i rodzicami w I okresie roku szkolnego 2023\/2024<\/p>\n<table style=\"height: 1280px;\" width=\"722\">\n<tbody>\n<tr>\n<td>Lp.<\/td>\n<td><strong>nazwisko i imi\u0119 nauczyciela<\/strong><\/td>\n<td><strong>dzie\u0144 tygodnia<\/strong><\/td>\n<td><strong>godzina<\/strong><\/td>\n<\/tr>\n<tr>\n<td>1<\/td>\n<td>Grojec Piotr<\/td>\n<td>poniedzia\u0142ek<\/td>\n<td>11.00-12.00<\/td>\n<\/tr>\n<tr>\n<td>2<\/td>\n<td>Chojnacka Iwona<\/td>\n<td>poniedzia\u0142ek<\/td>\n<td>9.40 &#8211; 10.40<\/td>\n<\/tr>\n<tr>\n<td>3<\/td>\n<td>Cury\u0142o Gra\u017cyna<\/td>\n<td>wtorek \/co dwa tygodnie<\/td>\n<td>13.10 &#8211; 14.10<\/td>\n<\/tr>\n<tr>\n<td>4<\/td>\n<td>Mistur Tomasz<\/td>\n<td>wtorek \/co dwa tygodnie<\/td>\n<td>14.00-15.00<\/td>\n<\/tr>\n<tr>\n<td>5<\/td>\n<td>Egeman Dariusz<\/td>\n<td>\u015broda<\/td>\n<td>13.15 &#8211; 14.15<\/td>\n<\/tr>\n<tr>\n<td>6<\/td>\n<td>Fuglewicz Ewa<\/td>\n<td>poniedzia\u0142ek<\/td>\n<td>8.15-9.15<\/td>\n<\/tr>\n<tr>\n<td>7<\/td>\n<td>Haberka Agnieszka<\/td>\n<td>wtorek<\/td>\n<td>9.35 &#8211; 10.35<\/td>\n<\/tr>\n<tr>\n<td>8<\/td>\n<td>Haberka\u00a0 Jolanta<\/td>\n<td>wtorek<\/td>\n<td>10.35 &#8211; 11.35<\/td>\n<\/tr>\n<tr>\n<td>9<\/td>\n<td>Hasiak Krzysztof<\/td>\n<td>czwartek\/co dwa tygodnie<\/td>\n<td>7.00 &#8211; 8.00<\/td>\n<\/tr>\n<tr>\n<td>10<\/td>\n<td>Kazibut Jaros\u0142aw<\/td>\n<td>\u015broda<\/td>\n<td>11.30 -12.30<\/td>\n<\/tr>\n<tr>\n<td>11<\/td>\n<td>Klich Anna<\/td>\n<td>\u015broda<\/td>\n<td>10.00 -10.30, 15.00 &#8211; 15.30<\/td>\n<\/tr>\n<tr>\n<td>12<\/td>\n<td>Ko\u0142dras Magdalena<\/td>\n<td>\u015broda<\/td>\n<td>13.10- 14.10<\/td>\n<\/tr>\n<tr>\n<td>13<\/td>\n<td>Kowal &#8211; Siewiorek El\u017cieta<\/td>\n<td>\u015broda<\/td>\n<td>10.35 -11.35<\/td>\n<\/tr>\n<tr>\n<td>14<\/td>\n<td>Kr\u0119\u017cel Ma\u0142gorzata<\/td>\n<td>\u015broda\/co dwa tygodnie<\/td>\n<td>8.00 &#8211; 8.45<\/td>\n<\/tr>\n<tr>\n<td>15<\/td>\n<td>Kr\u00f3l Iwona<\/td>\n<td>poniedzia\u0142ek<\/td>\n<td>9.40 &#8211; 10.40<\/td>\n<\/tr>\n<tr>\n<td>16<\/td>\n<td>Kulczyk Joanna<\/td>\n<td>poniedzia\u0142ek<\/td>\n<td>8.30 &#8211; 9.30<\/td>\n<\/tr>\n<tr>\n<td>17<\/td>\n<td>Kwapi\u0144ska Agnieszka<\/td>\n<td>wtorek<\/td>\n<td>11.25 &#8211; 12.25<\/td>\n<\/tr>\n<tr>\n<td>18<\/td>\n<td>Kwiatkowska Beata<\/td>\n<td>poniedzia\u0142ek<\/td>\n<td>9.00 &#8211; 10.00<\/td>\n<\/tr>\n<tr>\n<td>19<\/td>\n<td>Koterba Rados\u0142aw<\/td>\n<td>wtorek\/ co dwa tygodnie<\/td>\n<td>10.25 -11.25<\/td>\n<\/tr>\n<tr>\n<td>20<\/td>\n<td>\u0141aksa Dominika<\/td>\n<td>poniedzia\u0142ek<\/td>\n<td>11.25 &#8211; 12.25<\/td>\n<\/tr>\n<tr>\n<td>21<\/td>\n<td>Mazur Jan<\/td>\n<td>wtorek<\/td>\n<td>10.30 &#8211; 11.30<\/td>\n<\/tr>\n<tr>\n<td>22<\/td>\n<td>MI\u0142oszewska &#8211; Wilk Beata<\/td>\n<td>poniedzia\u0142ek\/pi\u0105tek<\/td>\n<td>12.40-13.10 \/12.40-13.10<\/td>\n<\/tr>\n<tr>\n<td>23<\/td>\n<td>Napora Wies\u0142aw<\/td>\n<td>\u015broda<\/td>\n<td>13.10 &#8211; 14.10<\/td>\n<\/tr>\n<tr>\n<td>24<\/td>\n<td>Olewi\u0144ski Andrzej<\/td>\n<td>poniedzia\u0142ek<\/td>\n<td>11.30 &#8211; 12.30<\/td>\n<\/tr>\n<tr>\n<td>25<\/td>\n<td>Pasich &#8211; Pasierb Katarzyna<\/td>\n<td>czwartek<\/td>\n<td>7.45 &#8211; 8.45<\/td>\n<\/tr>\n<tr>\n<td>26<\/td>\n<td>Pasternak Anna<\/td>\n<td>wtorek<\/td>\n<td>11.25 -12.25<\/td>\n<\/tr>\n<tr>\n<td>27<\/td>\n<td>Prase\u0142ek Zbigniew<\/td>\n<td>czwartek<\/td>\n<td>11.20 &#8211; 12.20<\/td>\n<\/tr>\n<tr>\n<td>28<\/td>\n<td>Siejka Agnieszka<\/td>\n<td>poniedzia\u0142ek<\/td>\n<td>8.00 &#8211; 9.00<\/td>\n<\/tr>\n<tr>\n<td>29<\/td>\n<td>Smol Ewa<\/td>\n<td>czwartek<\/td>\n<td>11.25 &#8211; 12.25<\/td>\n<\/tr>\n<tr>\n<td>30<\/td>\n<td>Str\u00f3zik Paulina<\/td>\n<td>wtorek<\/td>\n<td>8.45 &#8211; 9.45<\/td>\n<\/tr>\n<tr>\n<td>31<\/td>\n<td>Szarek Jaros\u0142aw<\/td>\n<td>wtorek \/ co dwa tygodnie<\/td>\n<td>10.30 &#8211; 11.30<\/td>\n<\/tr>\n<tr>\n<td>32<\/td>\n<td>Szcz\u0119\u015bniak Joanna<\/td>\n<td>wtorek\/ co dwa tygodnie<\/td>\n<td>7.00 &#8211; 8.00<\/td>\n<\/tr>\n<tr>\n<td>33<\/td>\n<td>Szewczyk Jan<\/td>\n<td>\u015broda<\/td>\n<td>7.00 &#8211; 8.00<\/td>\n<\/tr>\n<tr>\n<td>34<\/td>\n<td>Tracz Paulina<\/td>\n<td>czwartek<\/td>\n<td>12.30 &#8211; 13.30<\/td>\n<\/tr>\n<tr>\n<td>35<\/td>\n<td>Urbaniak Dominika<\/td>\n<td>\u015broda<\/td>\n<td>11.25 &#8211; 12.25<\/td>\n<\/tr>\n<tr>\n<td>36<\/td>\n<td>Wachowicz Beata<\/td>\n<td>wtorek<\/td>\n<td>10.35 &#8211; 11.35<\/td>\n<\/tr>\n<tr>\n<td>37<\/td>\n<td>Wr\u00f3bel Dominik<\/td>\n<td>\u015broda<\/td>\n<td>10.40 &#8211; 11.40<\/td>\n<\/tr>\n<tr>\n<td>38<\/td>\n<td>Serwatka Marta<\/td>\n<td>\u015broda<\/td>\n<td>10.00 &#8211; 10.30<\/td>\n<\/tr>\n<tr>\n<td>39<\/td>\n<td>\u017bak Agata<\/td>\n<td>\u015broda<\/td>\n<td>15.40 &#8211; 16.40<\/td>\n<\/tr>\n<tr>\n<td>40<\/td>\n<td>\u017bak Tomasz<\/td>\n<td>czwartek \/ co dwa tygodnie<\/td>\n<td>14.45 &#8211; 15.45<\/td>\n<\/tr>\n<tr>\n<td>41<\/td>\n<td>Sitko Anita<\/td>\n<td>pi\u0105tek<\/td>\n<td>11.25 &#8211; 12.25<\/td>\n<\/tr>\n<tr>\n<td><\/td>\n<td><\/td>\n<td><\/td>\n<td><\/td>\n<\/tr>\n<tr>\n<td><\/td>\n<td><\/td>\n<td><\/td>\n<td><\/td>\n<\/tr>\n<\/tbody>\n<\/table>\n<p style=\"text-align: center;\">\n","protected":false},"excerpt":{"rendered":"<p>Plan konsultacji nauczycieli z uczniami i rodzicami w I okresie roku szkolnego 2023\/2024 Lp. nazwisko i imi\u0119 nauczyciela dzie\u0144 tygodnia godzina 1 Grojec Piotr poniedzia\u0142ek 11.00-12.00 2 Chojnacka Iwona poniedzia\u0142ek 9.40 &#8211; 10.40 3 Cury\u0142o Gra\u017cyna wtorek \/co dwa tygodnie 13.10 &#8211; 14.10 4 Mistur Tomasz wtorek \/co dwa tygodnie 14.00-15.00 5 Egeman Dariusz \u015broda [&hellip;]<\/p>\n","protected":false},"author":1,"featured_media":0,"parent":0,"menu_order":0,"comment_status":"closed","ping_status":"closed","template":"","meta":{"footnotes":""},"acf":[],"_links":{"self":[{"href":"https:\/\/www.zswolbrom.pl\/wwwnowa\/wp-json\/wp\/v2\/pages\/6473"}],"collection":[{"href":"https:\/\/www.zswolbrom.pl\/wwwnowa\/wp-json\/wp\/v2\/pages"}],"about":[{"href":"https:\/\/www.zswolbrom.pl\/wwwnowa\/wp-json\/wp\/v2\/types\/page"}],"author":[{"embeddable":true,"href":"https:\/\/www.zswolbrom.pl\/wwwnowa\/wp-json\/wp\/v2\/users\/1"}],"replies":[{"embeddable":true,"href":"https:\/\/www.zswolbrom.pl\/wwwnowa\/wp-json\/wp\/v2\/comments?post=6473"}],"version-history":[{"count":18,"href":"https:\/\/www.zswolbrom.pl\/wwwnowa\/wp-json\/wp\/v2\/pages\/6473\/revisions"}],"predecessor-version":[{"id":11968,"href":"https:\/\/www.zswolbrom.pl\/wwwnowa\/wp-json\/wp\/v2\/pages\/6473\/revisions\/11968"}],"wp:attachment":[{"href":"https:\/\/www.zswolbrom.pl\/wwwnowa\/wp-json\/wp\/v2\/media?parent=6473"}],"curies":[{"name":"wp","href":"https:\/\/api.w.org\/{rel}","templated":true}]}}