{"id":6477,"date":"2019-11-28T23:12:34","date_gmt":"2019-11-28T22:12:34","guid":{"rendered":"http:\/\/www.zswolbrom.pl\/wwwnowa\/?page_id=6477"},"modified":"2019-11-28T23:13:11","modified_gmt":"2019-11-28T22:13:11","slug":"szkola-dialogu","status":"publish","type":"page","link":"https:\/\/www.zswolbrom.pl\/wwwnowa\/szkola-dialogu\/","title":{"rendered":"\u201eSZKO\u0141A DIALOGU\u201d"},"content":{"rendered":"<p><strong>PROJEKT HISTORYCZNY \u201eSZKO\u0141A DIALOGU\u201d<\/strong><\/p>\n<p>Projekt historyczny \u201eSzko\u0142a Dialogu\u201d to przedsi\u0119wzi\u0119cie realizowane w ZS Wolbrom przy wsp\u00f3\u0142pracy z organizacj\u0105 pozarz\u0105dow\u0105 FORUM DIALOGU. ZS Wolbrom jest jedn\u0105 z 350 szk\u00f3\u0142, kt\u00f3ra bierze udzia\u0142 w og\u00f3lnopolskim projekcie edukacyjnym. Projekt realizowany jest od listopada 2019 roku.<\/p>\n<p>Celem tego projektu jest rozwijanie wiedzy historycznej uczni\u00f3w dotycz\u0105cej historii, kultury i relacji polsko-\u017cydowskich na przestrzeni dziej\u00f3w. W trakcie zaj\u0119\u0107 uczniowie wykorzystuj\u0105c r\u00f3\u017cnorodne metody aktywizuj\u0105ce maj\u0105 okazj\u0119 pozna\u0107 histori\u0119, zwyczaje i kultur\u0119 narodu, kt\u00f3rego cz\u0142onkowie zamieszkiwali przed wojn\u0105 terytorium Polski. Ponadto projekt jest szko\u0142\u0105 kszta\u0142towania umiej\u0119tno\u015bci pracy w grupie, samodzielnych bada\u0144, poszukiwania \u017ar\u00f3de\u0142, dyskusji i prezentowania w\u0142asnej wiedzy. Uczniowie poznaj\u0105c histori\u0119 ucz\u0105 si\u0119 kreatywno\u015bci, odpowiedzialno\u015bci, wsp\u00f3\u0142pracy i marketingu.<\/p>\n<p><img decoding=\"async\" loading=\"lazy\" class=\"alignleft size-large wp-image-6456\" src=\"http:\/\/www.zswolbrom.pl\/wwwnowa\/wp-content\/uploads\/2019\/11\/IMG_1125-1024x768.jpg\" alt=\"\" width=\"1024\" height=\"768\" srcset=\"https:\/\/www.zswolbrom.pl\/wwwnowa\/wp-content\/uploads\/2019\/11\/IMG_1125-1024x768.jpg 1024w, https:\/\/www.zswolbrom.pl\/wwwnowa\/wp-content\/uploads\/2019\/11\/IMG_1125-300x225.jpg 300w\" sizes=\"(max-width: 1024px) 100vw, 1024px\" \/><\/p>\n","protected":false},"excerpt":{"rendered":"<p>PROJEKT HISTORYCZNY \u201eSZKO\u0141A DIALOGU\u201d Projekt historyczny \u201eSzko\u0142a Dialogu\u201d to przedsi\u0119wzi\u0119cie realizowane w ZS Wolbrom przy wsp\u00f3\u0142pracy z organizacj\u0105 pozarz\u0105dow\u0105 FORUM DIALOGU. ZS Wolbrom jest jedn\u0105 z 350 szk\u00f3\u0142, kt\u00f3ra bierze udzia\u0142 w og\u00f3lnopolskim projekcie edukacyjnym. Projekt realizowany jest od listopada 2019 roku. Celem tego projektu jest rozwijanie wiedzy historycznej uczni\u00f3w dotycz\u0105cej historii, kultury i relacji [&hellip;]<\/p>\n","protected":false},"author":1,"featured_media":0,"parent":0,"menu_order":0,"comment_status":"closed","ping_status":"closed","template":"","meta":{"footnotes":""},"acf":[],"_links":{"self":[{"href":"https:\/\/www.zswolbrom.pl\/wwwnowa\/wp-json\/wp\/v2\/pages\/6477"}],"collection":[{"href":"https:\/\/www.zswolbrom.pl\/wwwnowa\/wp-json\/wp\/v2\/pages"}],"about":[{"href":"https:\/\/www.zswolbrom.pl\/wwwnowa\/wp-json\/wp\/v2\/types\/page"}],"author":[{"embeddable":true,"href":"https:\/\/www.zswolbrom.pl\/wwwnowa\/wp-json\/wp\/v2\/users\/1"}],"replies":[{"embeddable":true,"href":"https:\/\/www.zswolbrom.pl\/wwwnowa\/wp-json\/wp\/v2\/comments?post=6477"}],"version-history":[{"count":1,"href":"https:\/\/www.zswolbrom.pl\/wwwnowa\/wp-json\/wp\/v2\/pages\/6477\/revisions"}],"predecessor-version":[{"id":6479,"href":"https:\/\/www.zswolbrom.pl\/wwwnowa\/wp-json\/wp\/v2\/pages\/6477\/revisions\/6479"}],"wp:attachment":[{"href":"https:\/\/www.zswolbrom.pl\/wwwnowa\/wp-json\/wp\/v2\/media?parent=6477"}],"curies":[{"name":"wp","href":"https:\/\/api.w.org\/{rel}","templated":true}]}}